{"id":8,"date":"2019-04-02T20:50:57","date_gmt":"2019-04-02T18:50:57","guid":{"rendered":"http:\/\/dahlstrom.dyndns.biz:50080\/?page_id=8"},"modified":"2026-03-19T18:19:55","modified_gmt":"2026-03-19T17:19:55","slug":"rolf","status":"publish","type":"page","link":"https:\/\/dahlstrom.dyndns.info\/?page_id=8","title":{"rendered":"Rolf"},"content":{"rendered":"<table>\r\n<tbody>\r\n<tr>\r\n<td><a href=\"mp3\/01-Track1.mp3\">Vi bjuder upp till dans<\/a><\/td>\r\n<td><a href=\"mp3\/11-Track11.mp3\">Lucky lips<\/a><\/td>\r\n<\/tr>\r\n<tr>\r\n<td><a href=\"mp3\/02-Track2.mp3\">Lycka till med n\u00e4sta kille<\/a><\/td>\r\n<td><a href=\"mp3\/12-Track12.mp3\">You are always on my mind<\/a><\/td>\r\n<\/tr>\r\n<tr>\r\n<td><a href=\"mp3\/03-Track3.mp3\">Carina<\/a><\/td>\r\n<td><a href=\"mp3\/13-Track13.mp3\">Tv\u00e5 m\u00f6rka \u00f6gon<\/a><\/td>\r\n<\/tr>\r\n<tr>\r\n<td><a href=\"mp3\/04-Track4.mp3\">I might<\/a>\u00a0<\/td>\r\n<td><a href=\"mp3\/14-Track14.mp3\">Singin the blues<\/a>\u00a0<\/td>\r\n<\/tr>\r\n<tr>\r\n<td><a href=\"mp3\/05-Track5.mp3\">Hon \u00e4r bara 15 \u00e5r<\/a><\/td>\r\n<td><a href=\"mp3\/15-Track15.mp3\">Hallo Josefine<\/a><\/td>\r\n<\/tr>\r\n<tr>\r\n<td><a href=\"mp3\/06-Track6.mp3\">Leende guldbruna \u00f6gon<\/a><\/td>\r\n<td><a href=\"mp3\/16-Track16.mp3\">En d\u00f6rr p\u00e5 gl\u00e4nt<\/a><\/td>\r\n<\/tr>\r\n<tr>\r\n<td><a href=\"mp3\/07-Track7.mp3\">Luffarvisa<\/a><\/td>\r\n<td><a href=\"mp3\/17-Track17.mp3\">From a jack to a king<\/a><\/td>\r\n<\/tr>\r\n<tr>\r\n<td><a href=\"mp3\/08-Track8.mp3\">Han m\u00e5ste g\u00e5<\/a><\/td>\r\n<td><a href=\"mp3\/18-Track18.mp3\">Spara sista dansen f\u00f6r mig<\/a><\/td>\r\n<\/tr>\r\n<tr>\r\n<td><a href=\"mp3\/09-Track9.mp3\">Du lever som du en g\u00e5ng har l\u00e4rt<\/a><\/td>\r\n<td><a href=\"mp3\/10-Track10.mp3\">I wanna hold you tonight<\/a><\/td>\r\n<\/tr>\r\n<\/tbody>\r\n<\/table>\r\n<!-- \/wp:post-content -->","protected":false},"excerpt":{"rendered":"<p>Vi bjuder upp till dans Lucky lips Lycka till med n\u00e4sta kille You are always on my mind Carina Tv\u00e5 m\u00f6rka \u00f6gon I might\u00a0 Singin the blues\u00a0 Hon \u00e4r bara 15 \u00e5r Hallo Josefine Leende guldbruna \u00f6gon En d\u00f6rr p\u00e5 gl\u00e4nt Luffarvisa From a jack to a king Han m\u00e5ste g\u00e5 Spara sista dansen f\u00f6r [&hellip;]<\/p>\n","protected":false},"author":1,"featured_media":0,"parent":0,"menu_order":0,"comment_status":"closed","ping_status":"closed","template":"","meta":{"_monsterinsights_skip_tracking":false,"_monsterinsights_sitenote_active":false,"_monsterinsights_sitenote_note":"","_monsterinsights_sitenote_category":0,"footnotes":""},"class_list":["post-8","page","type-page","status-publish","hentry"],"_links":{"self":[{"href":"https:\/\/dahlstrom.dyndns.info\/index.php?rest_route=\/wp\/v2\/pages\/8","targetHints":{"allow":["GET"]}}],"collection":[{"href":"https:\/\/dahlstrom.dyndns.info\/index.php?rest_route=\/wp\/v2\/pages"}],"about":[{"href":"https:\/\/dahlstrom.dyndns.info\/index.php?rest_route=\/wp\/v2\/types\/page"}],"author":[{"embeddable":true,"href":"https:\/\/dahlstrom.dyndns.info\/index.php?rest_route=\/wp\/v2\/users\/1"}],"replies":[{"embeddable":true,"href":"https:\/\/dahlstrom.dyndns.info\/index.php?rest_route=%2Fwp%2Fv2%2Fcomments&post=8"}],"version-history":[{"count":12,"href":"https:\/\/dahlstrom.dyndns.info\/index.php?rest_route=\/wp\/v2\/pages\/8\/revisions"}],"predecessor-version":[{"id":183,"href":"https:\/\/dahlstrom.dyndns.info\/index.php?rest_route=\/wp\/v2\/pages\/8\/revisions\/183"}],"wp:attachment":[{"href":"https:\/\/dahlstrom.dyndns.info\/index.php?rest_route=%2Fwp%2Fv2%2Fmedia&parent=8"}],"curies":[{"name":"wp","href":"https:\/\/api.w.org\/{rel}","templated":true}]}}