{"id":47,"date":"2019-04-02T21:36:29","date_gmt":"2019-04-02T19:36:29","guid":{"rendered":"http:\/\/dahlstrom.dyndns.biz:50080\/?page_id=47"},"modified":"2022-10-13T20:50:11","modified_gmt":"2022-10-13T18:50:11","slug":"sjalvforsvar","status":"publish","type":"page","link":"https:\/\/dahlstrom.dyndns.info\/?page_id=47","title":{"rendered":"Sj\u00e4lvf\u00f6rsvar"},"content":{"rendered":"<p><!-- Google tag (gtag.js) --><br \/>\n<script async src=\"https:\/\/www.googletagmanager.com\/gtag\/js?id=G-H7T59ZSX9V\"><\/script><br \/>\n<script>\n  window.dataLayer = window.dataLayer || [];\n  function gtag(){dataLayer.push(arguments);}\n  gtag('js', new Date());<\/p>\n<p>  gtag('config', 'G-H7T59ZSX9V');\n<\/script><br \/>\nRolf Dahlstr\u00f6m har utbildat i sj\u00e4lvf\u00f6rsvar i 40 \u00e5r.<\/p>\n","protected":false},"excerpt":{"rendered":"<p>Rolf Dahlstr\u00f6m har utbildat i sj\u00e4lvf\u00f6rsvar i 40 \u00e5r.<\/p>\n","protected":false},"author":1,"featured_media":30,"parent":0,"menu_order":0,"comment_status":"closed","ping_status":"closed","template":"","meta":{"_monsterinsights_skip_tracking":false,"_monsterinsights_sitenote_active":false,"_monsterinsights_sitenote_note":"","_monsterinsights_sitenote_category":0,"footnotes":""},"class_list":["post-47","page","type-page","status-publish","has-post-thumbnail","hentry"],"_links":{"self":[{"href":"https:\/\/dahlstrom.dyndns.info\/index.php?rest_route=\/wp\/v2\/pages\/47","targetHints":{"allow":["GET"]}}],"collection":[{"href":"https:\/\/dahlstrom.dyndns.info\/index.php?rest_route=\/wp\/v2\/pages"}],"about":[{"href":"https:\/\/dahlstrom.dyndns.info\/index.php?rest_route=\/wp\/v2\/types\/page"}],"author":[{"embeddable":true,"href":"https:\/\/dahlstrom.dyndns.info\/index.php?rest_route=\/wp\/v2\/users\/1"}],"replies":[{"embeddable":true,"href":"https:\/\/dahlstrom.dyndns.info\/index.php?rest_route=%2Fwp%2Fv2%2Fcomments&post=47"}],"version-history":[{"count":4,"href":"https:\/\/dahlstrom.dyndns.info\/index.php?rest_route=\/wp\/v2\/pages\/47\/revisions"}],"predecessor-version":[{"id":167,"href":"https:\/\/dahlstrom.dyndns.info\/index.php?rest_route=\/wp\/v2\/pages\/47\/revisions\/167"}],"wp:featuredmedia":[{"embeddable":true,"href":"https:\/\/dahlstrom.dyndns.info\/index.php?rest_route=\/wp\/v2\/media\/30"}],"wp:attachment":[{"href":"https:\/\/dahlstrom.dyndns.info\/index.php?rest_route=%2Fwp%2Fv2%2Fmedia&parent=47"}],"curies":[{"name":"wp","href":"https:\/\/api.w.org\/{rel}","templated":true}]}}