{"id":35,"date":"2019-04-02T21:31:52","date_gmt":"2019-04-02T19:31:52","guid":{"rendered":"http:\/\/dahlstrom.dyndns.biz:50080\/?page_id=35"},"modified":"2022-10-13T20:48:59","modified_gmt":"2022-10-13T18:48:59","slug":"instrumentalt","status":"publish","type":"page","link":"https:\/\/dahlstrom.dyndns.info\/?page_id=35","title":{"rendered":"Instrumentalt"},"content":{"rendered":"<!-- Google tag (gtag.js) -->\r\n<script async src=\"https:\/\/www.googletagmanager.com\/gtag\/js?id=G-H7T59ZSX9V\"><\/script>\r\n<script>\r\n  window.dataLayer = window.dataLayer || [];\r\n  function gtag(){dataLayer.push(arguments);}\r\n  gtag('js', new Date());\r\n\r\n  gtag('config', 'G-H7T59ZSX9V');\r\n<\/script>\r\n\r\n<table class=\"wp-block-table\">\r\n<tbody>\r\n<tr>\r\n<td><a href=\"mp3\/track1.mp3\">Roses of Pickardy<\/a><\/td>\r\n<td><a href=\"mp3\/track8.mp3\">La paloma<\/a><\/td>\r\n<\/tr>\r\n<tr>\r\n<td><a href=\"mp3\/track2.mp3\">Release me<\/a><\/td>\r\n<td><a href=\"mp3\/track9.mp3\">Tv\u00e5 solr\u00f6da segel<\/a><\/td>\r\n<\/tr>\r\n<tr>\r\n<td><a href=\"mp3\/track3.mp3\">Tiotusen r\u00f6da rosor<\/a><\/td>\r\n<td><a href=\"mp3\/track10.mp3\">Ramona<\/a><\/td>\r\n<\/tr>\r\n<tr>\r\n<td><a href=\"mp3\/track4.mp3\">Green green grass of home<\/a>\u00a0<\/td>\r\n<td><a href=\"mp3\/track11.mp3\">En m\u00e5nskenspromenad<\/a>\u00a0<\/td>\r\n<\/tr>\r\n<tr>\r\n<td><a href=\"mp3\/track5.mp3\">Sail along silvery moon<\/a><\/td>\r\n<td><a href=\"mp3\/track12.mp3\">Inga stora bevingade ord<\/a><\/td>\r\n<\/tr>\r\n<tr>\r\n<td><a href=\"mp3\/track6.mp3\">La golondrina<\/a><\/td>\r\n<td><a href=\"mp3\/track13.mp3\">Spanish eyes<\/a><\/td>\r\n<\/tr>\r\n<tr>\r\n<td><a href=\"mp3\/track7.mp3\">Fly me to the moon<\/a><\/td>\r\n<td><a href=\"mp3\/track14.mp3\">Melodie d amour<\/a><\/td>\r\n<\/tr>\r\n<\/tbody>\r\n<\/table>\r\n","protected":false},"excerpt":{"rendered":"<p>Roses of Pickardy La paloma Release me Tv\u00e5 solr\u00f6da segel Tiotusen r\u00f6da rosor Ramona Green green grass of home\u00a0 En m\u00e5nskenspromenad\u00a0 Sail along silvery moon Inga stora bevingade ord La golondrina Spanish eyes Fly me to the moon Melodie d amour<\/p>\n","protected":false},"author":1,"featured_media":0,"parent":0,"menu_order":0,"comment_status":"closed","ping_status":"closed","template":"","meta":{"_monsterinsights_skip_tracking":false,"_monsterinsights_sitenote_active":false,"_monsterinsights_sitenote_note":"","_monsterinsights_sitenote_category":0,"footnotes":""},"class_list":["post-35","page","type-page","status-publish","hentry"],"_links":{"self":[{"href":"https:\/\/dahlstrom.dyndns.info\/index.php?rest_route=\/wp\/v2\/pages\/35","targetHints":{"allow":["GET"]}}],"collection":[{"href":"https:\/\/dahlstrom.dyndns.info\/index.php?rest_route=\/wp\/v2\/pages"}],"about":[{"href":"https:\/\/dahlstrom.dyndns.info\/index.php?rest_route=\/wp\/v2\/types\/page"}],"author":[{"embeddable":true,"href":"https:\/\/dahlstrom.dyndns.info\/index.php?rest_route=\/wp\/v2\/users\/1"}],"replies":[{"embeddable":true,"href":"https:\/\/dahlstrom.dyndns.info\/index.php?rest_route=%2Fwp%2Fv2%2Fcomments&post=35"}],"version-history":[{"count":6,"href":"https:\/\/dahlstrom.dyndns.info\/index.php?rest_route=\/wp\/v2\/pages\/35\/revisions"}],"predecessor-version":[{"id":164,"href":"https:\/\/dahlstrom.dyndns.info\/index.php?rest_route=\/wp\/v2\/pages\/35\/revisions\/164"}],"wp:attachment":[{"href":"https:\/\/dahlstrom.dyndns.info\/index.php?rest_route=%2Fwp%2Fv2%2Fmedia&parent=35"}],"curies":[{"name":"wp","href":"https:\/\/api.w.org\/{rel}","templated":true}]}}